{"id":3,"date":"2026-02-20T21:16:32","date_gmt":"2026-02-20T21:16:32","guid":{"rendered":"http:\/\/lcibiza.com\/?page_id=3"},"modified":"2026-03-08T12:48:07","modified_gmt":"2026-03-08T12:48:07","slug":"datenschutzbestimmungen","status":"publish","type":"page","link":"https:\/\/lcibiza.com\/de\/privacy-policy\/","title":{"rendered":"Datenschutzbestimmungen"},"content":{"rendered":"<div data-elementor-type=\"wp-page\" data-elementor-id=\"3\" class=\"elementor elementor-3\" data-elementor-post-type=\"page\">\n\t\t\t\t<div class=\"elementor-element elementor-element-297f294e e-flex e-con-boxed e-con e-parent\" data-id=\"297f294e\" data-element_type=\"container\" data-e-type=\"container\">\n\t\t\t\t\t<div class=\"e-con-inner\">\n\t\t\t\t<div class=\"elementor-element elementor-element-676f4fc8 elementor-widget elementor-widget-text-editor\" data-id=\"676f4fc8\" data-element_type=\"widget\" data-e-type=\"widget\" data-widget_type=\"text-editor.default\">\n\t\t\t\t\t\t\t\t\t\n<h2 class=\"wp-block-heading\"><\/h2>\n\t\t\t\t\t\t\t\t<\/div>\n\t\t\t\t\t<\/div>\n\t\t\t\t<\/div>\n\t\t<div class=\"elementor-element elementor-element-4af6581 e-flex e-con-boxed e-con e-parent\" data-id=\"4af6581\" data-element_type=\"container\" data-e-type=\"container\">\n\t\t\t\t\t<div class=\"e-con-inner\">\n\t\t\t\t<div class=\"elementor-element elementor-element-9e49774 elementor-widget elementor-widget-html\" data-id=\"9e49774\" data-element_type=\"widget\" data-e-type=\"widget\" data-widget_type=\"html.default\">\n\t\t\t\t\t<!DOCTYPE html>\n<html lang=\"en\">\n<head>\n<meta charset=\"UTF-8\">\n<title>Datenschutzrichtlinie - LC Ibiza<\/title>\n<\/head>\n<body>\n\n<h1>Datenschutzbestimmungen<\/h1>\n\n<h2>1. Data Controller<\/h2>\n<p>In \u00dcbereinstimmung mit der EU-Datenschutzgrundverordnung (GDPR) und dem spanischen Organgesetz 3\/2018 zum Schutz personenbezogener Daten (LOPDGDD) ist der f\u00fcr die Datenverarbeitung Verantwortliche:<\/p>\n<ul>\n  <li><strong>Name des Unternehmens:<\/strong> LC Group Rental Car, S.L.<\/li>\n  <li><strong>CIF:<\/strong> B56154503<\/li>\n  <li><strong>Adresse:<\/strong> Calle Mallorca, 123, 08036 Barcelona, Spanien<\/li>\n  <li><strong>E-Mail:<\/strong> info@lcibiza.com<\/li>\n<\/ul>\n\n<h2>2. Daten, die wir sammeln<\/h2>\n<p>Wenn Sie unsere Website nutzen oder mit uns Kontakt aufnehmen, k\u00f6nnen wir die folgenden personenbezogenen Daten erfassen:<\/p>\n<ul>\n  <li>Vollst\u00e4ndiger Name<\/li>\n  <li>E-Mail Adresse<\/li>\n  <li>Rufnummer<\/li>\n  <li>Angaben zum F\u00fchrerschein (f\u00fcr Vermietungszwecke)<\/li>\n  <li>Zahlungsinformationen (sicher von Drittanbietern verarbeitet)<\/li>\n  <li>IP-Adresse und Browsing-Daten (\u00fcber Cookies)<\/li>\n<\/ul>\n\n<h2>3. Zweck und Rechtsgrundlage f\u00fcr die Verarbeitung<\/h2>\n<p>Wir verarbeiten Ihre personenbezogenen Daten f\u00fcr die folgenden Zwecke:<\/p>\n<ul>\n  <li><strong>Mietanfragen und Buchungen:<\/strong> Um Ihre Anfragen zu beantworten und Mietvertr\u00e4ge zu verwalten. Rechtsgrundlage: Erf\u00fcllung eines Vertrags.<\/li>\n  <li><strong>Kundenservice:<\/strong> Zur Bearbeitung von Anfragen oder Beschwerden. Rechtsgrundlage: Berechtigtes Interesse.<\/li>\n  <li><strong>Marketingkommunikation:<\/strong> Um Ihnen Werbeangebote zu senden, nur mit Ihrer ausdr\u00fccklichen Zustimmung. Rechtsgrundlage: Zustimmung.<\/li>\n  <li><strong>Einhaltung der Gesetze:<\/strong> Um den geltenden gesetzlichen Verpflichtungen nachzukommen. Rechtsgrundlage: Gesetzliche Verpflichtung.<\/li>\n  <li><strong>Website-Analysen:<\/strong> Um die Leistung unserer Website und die Benutzerfreundlichkeit zu verbessern. Rechtsgrundlage: berechtigtes Interesse \/ Zustimmung (wenn Cookies verwendet werden).<\/li>\n<\/ul>\n\n<h2>4. Datenaufbewahrung<\/h2>\n<p>Wir bewahren Ihre pers\u00f6nlichen Daten nur so lange auf, wie es f\u00fcr die Erf\u00fcllung der Zwecke, f\u00fcr die sie erhoben wurden, erforderlich ist, oder wie es das Gesetz vorschreibt. Mietbezogene Daten werden in \u00dcbereinstimmung mit der spanischen Handels- und Steuergesetzgebung f\u00fcr mindestens 5 Jahre aufbewahrt.<\/p>\n\n<h2>5. Gemeinsame Nutzung von Daten<\/h2>\n<p>Wir verkaufen oder vermieten Ihre pers\u00f6nlichen Daten nicht an Dritte. Wir k\u00f6nnen Ihre Daten weitergeben an:<\/p>\n<ul>\n  <li>Zahlungsabwickler und Bankinstitute, f\u00fcr die Verarbeitung von Transaktionen<\/li>\n  <li>Versicherungsanbieter, sofern f\u00fcr die Vermietung erforderlich<\/li>\n  <li>IT- und Hosting-Anbieter, die als Datenverarbeiter unter GDPR-konformen Vereinbarungen handeln<\/li>\n  <li>\u00d6ffentliche Beh\u00f6rden, sofern gesetzlich vorgeschrieben<\/li>\n<\/ul>\n\n<h2>6. Internationale \u00dcberweisungen<\/h2>\n<p>Einige unserer Dienstleister befinden sich m\u00f6glicherweise au\u00dferhalb des Europ\u00e4ischen Wirtschaftsraums (EWR). In solchen F\u00e4llen stellen wir sicher, dass angemessene Sicherheitsvorkehrungen getroffen werden, wie zum Beispiel von der Europ\u00e4ischen Kommission genehmigte Standardvertragsklauseln.<\/p>\n\n<h2>7. Ihre Rechte<\/h2>\n<p>Gem\u00e4\u00df der GDPR haben Sie die folgenden Rechte in Bezug auf Ihre pers\u00f6nlichen Daten:<\/p>\n<ul>\n  <li><strong>Recht auf Zugang:<\/strong> Um eine Best\u00e4tigung zu erhalten, ob wir Ihre Daten verarbeiten, und um eine Kopie zu erhalten.<\/li>\n  <li><strong>Recht auf Berichtigung:<\/strong> Um die Korrektur von ungenauen oder unvollst\u00e4ndigen Daten zu beantragen.<\/li>\n  <li><strong>Recht auf L\u00f6schung:<\/strong> Um die L\u00f6schung Ihrer Daten zu beantragen, vorbehaltlich gesetzlicher Einschr\u00e4nkungen.<\/li>\n  <li><strong>Recht auf Einschr\u00e4nkung:<\/strong> Sie k\u00f6nnen verlangen, dass wir die Verarbeitung Ihrer Daten einschr\u00e4nken.<\/li>\n  <li><strong>Recht auf Daten\u00fcbertragbarkeit:<\/strong> Um Ihre Daten in einem strukturierten, maschinenlesbaren Format zu erhalten.<\/li>\n  <li><strong>Recht auf Widerspruch:<\/strong> Einspruch gegen die Verarbeitung auf der Grundlage eines berechtigten Interesses oder f\u00fcr Direktmarketingzwecke.<\/li>\n  <li><strong>Recht auf Widerruf der Zustimmung:<\/strong> Wenn die Verarbeitung auf einer Einwilligung beruht, k\u00f6nnen Sie diese jederzeit widerrufen.<\/li>\n<\/ul>\n<p>Wenn Sie eines dieser Rechte aus\u00fcben m\u00f6chten, kontaktieren Sie uns bitte unter: <a href=\"mailto:info@lcibiza.com\">info@lcibiza.com<\/a><\/p>\n<p>Sie haben auch das Recht, eine Beschwerde bei der spanischen Datenschutzbeh\u00f6rde (AEPD) einzureichen: <a href=\"https:\/\/www.aepd.es\" target=\"_blank\" rel=\"noopener\">www.aepd.es<\/a><\/p>\n\n<h2>8. Cookies<\/h2>\n<p>Unsere Website verwendet Cookies, um Ihr Surferlebnis zu verbessern und den Websiteverkehr zu analysieren. Ausf\u00fchrliche Informationen \u00fcber die von uns verwendeten Cookies und wie Sie diese verwalten k\u00f6nnen, finden Sie in unserem <a href=\"\/de\/cookie-richtlinie\/\">Cookie-Richtlinie<\/a>.<\/p>\n\n<h2>9. Sicherheit<\/h2>\n<p>Wir setzen angemessene technische und organisatorische Ma\u00dfnahmen ein, um Ihre pers\u00f6nlichen Daten vor unbefugtem Zugriff, Verlust, Zerst\u00f6rung oder Ver\u00e4nderung zu sch\u00fctzen. Allerdings ist keine Methode der \u00dcbertragung \u00fcber das Internet vollkommen sicher, und wir k\u00f6nnen keine absolute Sicherheit garantieren.<\/p>\n\n<h2>10. \u00c4nderungen an dieser Richtlinie<\/h2>\n<p>Wir k\u00f6nnen diese Datenschutzrichtlinie von Zeit zu Zeit aktualisieren. Alle \u00c4nderungen werden auf dieser Seite mit einem aktualisierten Datum ver\u00f6ffentlicht. Wir empfehlen Ihnen, diese Richtlinie regelm\u00e4\u00dfig zu \u00fcberpr\u00fcfen.<\/p>\n\n<h2>11. Kontakt<\/h2>\n<p>Wenn Sie Fragen oder W\u00fcnsche zu dieser Datenschutzrichtlinie haben, kontaktieren Sie uns bitte unter: <a href=\"mailto:info@lcibiza.com\">info@lcibiza.com<\/a><\/p>\n\n<p><em>Zuletzt aktualisiert: M\u00e4rz 2026<\/em><\/p>\n\n<\/body>\n<\/html>\t\t\t\t<\/div>\n\t\t\t\t\t<\/div>\n\t\t\t\t<\/div>\n\t\t\t\t<\/div>","protected":false},"excerpt":{"rendered":"<p>Privacy Policy \u2013 LC Ibiza Privacy Policy 1. Data Controller In accordance with the EU General Data Protection Regulation (GDPR) [&hellip;]<\/p>\n","protected":false},"author":1,"featured_media":0,"parent":0,"menu_order":0,"comment_status":"closed","ping_status":"closed","template":"","meta":{"site-sidebar-layout":"default","site-content-layout":"","ast-site-content-layout":"default","site-content-style":"default","site-sidebar-style":"default","ast-global-header-display":"","ast-banner-title-visibility":"","ast-main-header-display":"","ast-hfb-above-header-display":"","ast-hfb-below-header-display":"","ast-hfb-mobile-header-display":"","site-post-title":"disabled","ast-breadcrumbs-content":"","ast-featured-img":"","footer-sml-layout":"","ast-disable-related-posts":"","theme-transparent-header-meta":"","adv-header-id-meta":"","stick-header-meta":"","header-above-stick-meta":"","header-main-stick-meta":"","header-below-stick-meta":"","astra-migrate-meta-layouts":"default","ast-page-background-enabled":"default","ast-page-background-meta":{"desktop":{"background-color":"var(--ast-global-color-5)","background-image":"","background-repeat":"repeat","background-position":"center center","background-size":"auto","background-attachment":"scroll","background-type":"","background-media":"","overlay-type":"","overlay-color":"","overlay-opacity":"","overlay-gradient":""},"tablet":{"background-color":"","background-image":"","background-repeat":"repeat","background-position":"center center","background-size":"auto","background-attachment":"scroll","background-type":"","background-media":"","overlay-type":"","overlay-color":"","overlay-opacity":"","overlay-gradient":""},"mobile":{"background-color":"","background-image":"","background-repeat":"repeat","background-position":"center center","background-size":"auto","background-attachment":"scroll","background-type":"","background-media":"","overlay-type":"","overlay-color":"","overlay-opacity":"","overlay-gradient":""}},"ast-content-background-meta":{"desktop":{"background-color":"var(--ast-global-color-4)","background-image":"","background-repeat":"repeat","background-position":"center center","background-size":"auto","background-attachment":"scroll","background-type":"","background-media":"","overlay-type":"","overlay-color":"","overlay-opacity":"","overlay-gradient":""},"tablet":{"background-color":"var(--ast-global-color-4)","background-image":"","background-repeat":"repeat","background-position":"center center","background-size":"auto","background-attachment":"scroll","background-type":"","background-media":"","overlay-type":"","overlay-color":"","overlay-opacity":"","overlay-gradient":""},"mobile":{"background-color":"var(--ast-global-color-4)","background-image":"","background-repeat":"repeat","background-position":"center center","background-size":"auto","background-attachment":"scroll","background-type":"","background-media":"","overlay-type":"","overlay-color":"","overlay-opacity":"","overlay-gradient":""}},"_joinchat":[],"footnotes":""},"class_list":["post-3","page","type-page","status-publish","hentry"],"_links":{"self":[{"href":"https:\/\/lcibiza.com\/de\/wp-json\/wp\/v2\/pages\/3","targetHints":{"allow":["GET"]}}],"collection":[{"href":"https:\/\/lcibiza.com\/de\/wp-json\/wp\/v2\/pages"}],"about":[{"href":"https:\/\/lcibiza.com\/de\/wp-json\/wp\/v2\/types\/page"}],"author":[{"embeddable":true,"href":"https:\/\/lcibiza.com\/de\/wp-json\/wp\/v2\/users\/1"}],"replies":[{"embeddable":true,"href":"https:\/\/lcibiza.com\/de\/wp-json\/wp\/v2\/comments?post=3"}],"version-history":[{"count":5,"href":"https:\/\/lcibiza.com\/de\/wp-json\/wp\/v2\/pages\/3\/revisions"}],"predecessor-version":[{"id":555,"href":"https:\/\/lcibiza.com\/de\/wp-json\/wp\/v2\/pages\/3\/revisions\/555"}],"wp:attachment":[{"href":"https:\/\/lcibiza.com\/de\/wp-json\/wp\/v2\/media?parent=3"}],"curies":[{"name":"wp","href":"https:\/\/api.w.org\/{rel}","templated":true}]}}