{"id":3,"date":"2026-02-20T21:16:32","date_gmt":"2026-02-20T21:16:32","guid":{"rendered":"http:\/\/lcibiza.com\/?page_id=3"},"modified":"2026-03-08T12:48:07","modified_gmt":"2026-03-08T12:48:07","slug":"politica-de-privacidad","status":"publish","type":"page","link":"https:\/\/lcibiza.com\/es\/privacy-policy\/","title":{"rendered":"Pol\u00edtica de privacidad"},"content":{"rendered":"<div data-elementor-type=\"wp-page\" data-elementor-id=\"3\" class=\"elementor elementor-3\" data-elementor-post-type=\"page\">\n\t\t\t\t<div class=\"elementor-element elementor-element-297f294e e-flex e-con-boxed e-con e-parent\" data-id=\"297f294e\" data-element_type=\"container\" data-e-type=\"container\">\n\t\t\t\t\t<div class=\"e-con-inner\">\n\t\t\t\t<div class=\"elementor-element elementor-element-676f4fc8 elementor-widget elementor-widget-text-editor\" data-id=\"676f4fc8\" data-element_type=\"widget\" data-e-type=\"widget\" data-widget_type=\"text-editor.default\">\n\t\t\t\t\t\t\t\t\t\n<h2 class=\"wp-block-heading\"><\/h2>\n\t\t\t\t\t\t\t\t<\/div>\n\t\t\t\t\t<\/div>\n\t\t\t\t<\/div>\n\t\t<div class=\"elementor-element elementor-element-4af6581 e-flex e-con-boxed e-con e-parent\" data-id=\"4af6581\" data-element_type=\"container\" data-e-type=\"container\">\n\t\t\t\t\t<div class=\"e-con-inner\">\n\t\t\t\t<div class=\"elementor-element elementor-element-9e49774 elementor-widget elementor-widget-html\" data-id=\"9e49774\" data-element_type=\"widget\" data-e-type=\"widget\" data-widget_type=\"html.default\">\n\t\t\t\t\t<!DOCTYPE html>\n<html lang=\"en\">\n<head>\n<meta charset=\"UTF-8\">\n<title>Pol\u00edtica de privacidad - LC Ibiza<\/title>\n<\/head>\n<body>\n\n<h1>Pol\u00edtica de privacidad<\/h1>\n\n<h2>1. Controlador de datos<\/h2>\n<p>De acuerdo con el Reglamento General de Protecci\u00f3n de Datos de la UE (GDPR) y la Ley Org\u00e1nica 3\/2018 de Protecci\u00f3n de Datos de Car\u00e1cter Personal (LOPDGDD), el responsable del tratamiento es:<\/p>\n<ul>\n  <li><strong>Nombre de la empresa:<\/strong> LC Group Rental Car, S.L.<\/li>\n  <li><strong>CIF:<\/strong> B56154503<\/li>\n  <li><strong>Direcci\u00f3n:<\/strong> Calle Mallorca, 123, 08036 Barcelona, Espa\u00f1a<\/li>\n  <li><strong>Correo electr\u00f3nico:<\/strong> info@lcibiza.com<\/li>\n<\/ul>\n\n<h2>2. Datos que recopilamos<\/h2>\n<p>Podemos recopilar los siguientes datos personales cuando usted utiliza nuestro sitio web o se pone en contacto con nosotros:<\/p>\n<ul>\n  <li>Nombre y apellidos<\/li>\n  <li>Direcci\u00f3n de correo electr\u00f3nico<\/li>\n  <li>N\u00famero de tel\u00e9fono<\/li>\n  <li>Datos del permiso de conducir (para el alquiler)<\/li>\n  <li>Informaci\u00f3n de pago (procesada de forma segura por terceros proveedores)<\/li>\n  <li>Direcci\u00f3n IP y datos de navegaci\u00f3n (a trav\u00e9s de cookies)<\/li>\n<\/ul>\n\n<h2>3. Finalidad y fundamento jur\u00eddico del tratamiento<\/h2>\n<p>Tratamos sus datos personales para los siguientes fines:<\/p>\n<ul>\n  <li><strong>Consultas y reservas de alquiler:<\/strong> Para responder a sus solicitudes y gestionar los contratos de alquiler. Base jur\u00eddica: ejecuci\u00f3n de un contrato.<\/li>\n  <li><strong>Atenci\u00f3n al cliente:<\/strong> Gestionar cualquier consulta o reclamaci\u00f3n. Base jur\u00eddica: inter\u00e9s leg\u00edtimo.<\/li>\n  <li><strong>Comunicaciones de marketing:<\/strong> Para enviarle ofertas promocionales, s\u00f3lo con su consentimiento expl\u00edcito. Base jur\u00eddica: consentimiento.<\/li>\n  <li><strong>Cumplimiento legal:<\/strong> Cumplir las obligaciones legales aplicables. Base jur\u00eddica: obligaci\u00f3n legal.<\/li>\n  <li><strong>An\u00e1lisis del sitio web:<\/strong> Para mejorar el rendimiento de nuestro sitio web y la experiencia del usuario. Base jur\u00eddica: inter\u00e9s leg\u00edtimo \/ consentimiento (cuando se utilizan cookies).<\/li>\n<\/ul>\n\n<h2>4. 4. Conservaci\u00f3n de datos<\/h2>\n<p>Conservamos sus datos personales s\u00f3lo durante el tiempo necesario para cumplir los fines para los que fueron recogidos, o seg\u00fan lo exija la ley. Los datos relacionados con el alquiler se conservan durante un m\u00ednimo de 5 a\u00f1os de conformidad con la legislaci\u00f3n mercantil y fiscal espa\u00f1ola.<\/p>\n\n<h2>5. 5. Intercambio de datos<\/h2>\n<p>No vendemos ni alquilamos sus datos personales a terceros. Podemos compartir sus datos con:<\/p>\n<ul>\n  <li>Procesadores de pagos y entidades bancarias, para el tratamiento de las transacciones<\/li>\n  <li>Proveedores de seguros, cuando sea necesario para la cobertura del alquiler<\/li>\n  <li>proveedores inform\u00e1ticos y de alojamiento, que act\u00faan como encargados del tratamiento de datos en virtud de acuerdos conformes con el RGPD<\/li>\n  <li>Autoridades p\u00fablicas, cuando lo exija la ley<\/li>\n<\/ul>\n\n<h2>6. Transferencias internacionales<\/h2>\n<p>Algunos de nuestros proveedores de servicios pueden estar situados fuera del Espacio Econ\u00f3mico Europeo (EEE). En tales casos, nos aseguramos de que existan las garant\u00edas adecuadas, como las Cl\u00e1usulas Contractuales Tipo aprobadas por la Comisi\u00f3n Europea.<\/p>\n\n<h2>7. Sus derechos<\/h2>\n<p>En virtud del GDPR, usted tiene los siguientes derechos en relaci\u00f3n con sus datos personales:<\/p>\n<ul>\n  <li><strong>Derecho de acceso:<\/strong> Obtener confirmaci\u00f3n de si procesamos sus datos y recibir una copia.<\/li>\n  <li><strong>Derecho de rectificaci\u00f3n:<\/strong> Solicitar la correcci\u00f3n de datos inexactos o incompletos.<\/li>\n  <li><strong>Derecho de supresi\u00f3n:<\/strong> Solicitar la supresi\u00f3n de sus datos, con sujeci\u00f3n a las limitaciones legales.<\/li>\n  <li><strong>Derecho de restricci\u00f3n:<\/strong> Para solicitar que limitemos el tratamiento de sus datos.<\/li>\n  <li><strong>Derecho a la portabilidad de los datos:<\/strong> Recibir sus datos en un formato estructurado y legible por m\u00e1quina.<\/li>\n  <li><strong>Derecho de oposici\u00f3n:<\/strong> Oponerse al tratamiento basado en el inter\u00e9s leg\u00edtimo o con fines de venta directa.<\/li>\n  <li><strong>Derecho a retirar el consentimiento:<\/strong> Cuando el tratamiento se base en el consentimiento, podr\u00e1 retirarlo en cualquier momento.<\/li>\n<\/ul>\n<p>Para ejercer cualquiera de estos derechos, p\u00f3ngase en contacto con nosotros: <a href=\"mailto:info@lcibiza.com\">info@lcibiza.com<\/a><\/p>\n<p>Tambi\u00e9n tiene derecho a presentar una reclamaci\u00f3n ante la Autoridad Espa\u00f1ola de Protecci\u00f3n de Datos (AEPD): <a href=\"https:\/\/www.aepd.es\" target=\"_blank\" rel=\"noopener\">www.aepd.es<\/a><\/p>\n\n<h2>8. Cookies<\/h2>\n<p>Nuestro sitio web utiliza cookies para mejorar su experiencia de navegaci\u00f3n y analizar el tr\u00e1fico del sitio. Para obtener informaci\u00f3n detallada sobre las cookies que utilizamos y c\u00f3mo gestionarlas, consulte nuestro <a href=\"\/es\/politica-de-cookies\/\">Pol\u00edtica de cookies<\/a>.<\/p>\n\n<h2>9. Seguridad<\/h2>\n<p>Aplicamos medidas t\u00e9cnicas y organizativas adecuadas para proteger sus datos personales contra el acceso no autorizado, la p\u00e9rdida, la destrucci\u00f3n o la alteraci\u00f3n. No obstante, ning\u00fan m\u00e9todo de transmisi\u00f3n por Internet es completamente seguro, por lo que no podemos garantizar una seguridad absoluta.<\/p>\n\n<h2>10. Cambios en esta pol\u00edtica<\/h2>\n<p>Podemos actualizar esta Pol\u00edtica de Privacidad de vez en cuando. Cualquier cambio se publicar\u00e1 en esta p\u00e1gina con una fecha actualizada. Le recomendamos que revise esta pol\u00edtica peri\u00f3dicamente.<\/p>\n\n<h2>11. Contacto<\/h2>\n<p>Para cualquier pregunta o solicitud en relaci\u00f3n con esta Pol\u00edtica de Privacidad, p\u00f3ngase en contacto con nosotros en: <a href=\"mailto:info@lcibiza.com\">info@lcibiza.com<\/a><\/p>\n\n<p><em>\u00daltima actualizaci\u00f3n: Marzo 2026<\/em><\/p>\n\n<\/body>\n<\/html>\t\t\t\t<\/div>\n\t\t\t\t\t<\/div>\n\t\t\t\t<\/div>\n\t\t\t\t<\/div>","protected":false},"excerpt":{"rendered":"<p>Privacy Policy \u2013 LC Ibiza Privacy Policy 1. Data Controller In accordance with the EU General Data Protection Regulation (GDPR) [&hellip;]<\/p>\n","protected":false},"author":1,"featured_media":0,"parent":0,"menu_order":0,"comment_status":"closed","ping_status":"closed","template":"","meta":{"site-sidebar-layout":"default","site-content-layout":"","ast-site-content-layout":"default","site-content-style":"default","site-sidebar-style":"default","ast-global-header-display":"","ast-banner-title-visibility":"","ast-main-header-display":"","ast-hfb-above-header-display":"","ast-hfb-below-header-display":"","ast-hfb-mobile-header-display":"","site-post-title":"disabled","ast-breadcrumbs-content":"","ast-featured-img":"","footer-sml-layout":"","ast-disable-related-posts":"","theme-transparent-header-meta":"","adv-header-id-meta":"","stick-header-meta":"","header-above-stick-meta":"","header-main-stick-meta":"","header-below-stick-meta":"","astra-migrate-meta-layouts":"default","ast-page-background-enabled":"default","ast-page-background-meta":{"desktop":{"background-color":"var(--ast-global-color-5)","background-image":"","background-repeat":"repeat","background-position":"center center","background-size":"auto","background-attachment":"scroll","background-type":"","background-media":"","overlay-type":"","overlay-color":"","overlay-opacity":"","overlay-gradient":""},"tablet":{"background-color":"","background-image":"","background-repeat":"repeat","background-position":"center center","background-size":"auto","background-attachment":"scroll","background-type":"","background-media":"","overlay-type":"","overlay-color":"","overlay-opacity":"","overlay-gradient":""},"mobile":{"background-color":"","background-image":"","background-repeat":"repeat","background-position":"center center","background-size":"auto","background-attachment":"scroll","background-type":"","background-media":"","overlay-type":"","overlay-color":"","overlay-opacity":"","overlay-gradient":""}},"ast-content-background-meta":{"desktop":{"background-color":"var(--ast-global-color-4)","background-image":"","background-repeat":"repeat","background-position":"center center","background-size":"auto","background-attachment":"scroll","background-type":"","background-media":"","overlay-type":"","overlay-color":"","overlay-opacity":"","overlay-gradient":""},"tablet":{"background-color":"var(--ast-global-color-4)","background-image":"","background-repeat":"repeat","background-position":"center center","background-size":"auto","background-attachment":"scroll","background-type":"","background-media":"","overlay-type":"","overlay-color":"","overlay-opacity":"","overlay-gradient":""},"mobile":{"background-color":"var(--ast-global-color-4)","background-image":"","background-repeat":"repeat","background-position":"center center","background-size":"auto","background-attachment":"scroll","background-type":"","background-media":"","overlay-type":"","overlay-color":"","overlay-opacity":"","overlay-gradient":""}},"_joinchat":[],"footnotes":""},"class_list":["post-3","page","type-page","status-publish","hentry"],"_links":{"self":[{"href":"https:\/\/lcibiza.com\/es\/wp-json\/wp\/v2\/pages\/3","targetHints":{"allow":["GET"]}}],"collection":[{"href":"https:\/\/lcibiza.com\/es\/wp-json\/wp\/v2\/pages"}],"about":[{"href":"https:\/\/lcibiza.com\/es\/wp-json\/wp\/v2\/types\/page"}],"author":[{"embeddable":true,"href":"https:\/\/lcibiza.com\/es\/wp-json\/wp\/v2\/users\/1"}],"replies":[{"embeddable":true,"href":"https:\/\/lcibiza.com\/es\/wp-json\/wp\/v2\/comments?post=3"}],"version-history":[{"count":5,"href":"https:\/\/lcibiza.com\/es\/wp-json\/wp\/v2\/pages\/3\/revisions"}],"predecessor-version":[{"id":555,"href":"https:\/\/lcibiza.com\/es\/wp-json\/wp\/v2\/pages\/3\/revisions\/555"}],"wp:attachment":[{"href":"https:\/\/lcibiza.com\/es\/wp-json\/wp\/v2\/media?parent=3"}],"curies":[{"name":"wp","href":"https:\/\/api.w.org\/{rel}","templated":true}]}}