{"id":3,"date":"2026-02-20T21:16:32","date_gmt":"2026-02-20T21:16:32","guid":{"rendered":"http:\/\/lcibiza.com\/?page_id=3"},"modified":"2026-03-08T12:48:07","modified_gmt":"2026-03-08T12:48:07","slug":"politique-de-confidentialite","status":"publish","type":"page","link":"https:\/\/lcibiza.com\/fr\/privacy-policy\/","title":{"rendered":"Politique de confidentialit\u00e9"},"content":{"rendered":"<div data-elementor-type=\"wp-page\" data-elementor-id=\"3\" class=\"elementor elementor-3\" data-elementor-post-type=\"page\">\n\t\t\t\t<div class=\"elementor-element elementor-element-297f294e e-flex e-con-boxed e-con e-parent\" data-id=\"297f294e\" data-element_type=\"container\" data-e-type=\"container\">\n\t\t\t\t\t<div class=\"e-con-inner\">\n\t\t\t\t<div class=\"elementor-element elementor-element-676f4fc8 elementor-widget elementor-widget-text-editor\" data-id=\"676f4fc8\" data-element_type=\"widget\" data-e-type=\"widget\" data-widget_type=\"text-editor.default\">\n\t\t\t\t\t\t\t\t\t\n<h2 class=\"wp-block-heading\"><\/h2>\n\t\t\t\t\t\t\t\t<\/div>\n\t\t\t\t\t<\/div>\n\t\t\t\t<\/div>\n\t\t<div class=\"elementor-element elementor-element-4af6581 e-flex e-con-boxed e-con e-parent\" data-id=\"4af6581\" data-element_type=\"container\" data-e-type=\"container\">\n\t\t\t\t\t<div class=\"e-con-inner\">\n\t\t\t\t<div class=\"elementor-element elementor-element-9e49774 elementor-widget elementor-widget-html\" data-id=\"9e49774\" data-element_type=\"widget\" data-e-type=\"widget\" data-widget_type=\"html.default\">\n\t\t\t\t\t<!DOCTYPE html>\n<html lang=\"en\">\n<head>\n<meta charset=\"UTF-8\">\n<title>Politique de confidentialit\u00e9 - LC Ibiza<\/title>\n<\/head>\n<body>\n\n<h1>Politique de confidentialit\u00e9<\/h1>\n\n<h2>1. Contr\u00f4leur de donn\u00e9es<\/h2>\n<p>Conform\u00e9ment au r\u00e8glement g\u00e9n\u00e9ral sur la protection des donn\u00e9es de l'UE (GDPR) et \u00e0 la loi organique espagnole 3\/2018 sur la protection des donn\u00e9es personnelles (LOPDGDD), le responsable du traitement des donn\u00e9es est :<\/p>\n<ul>\n  <li><strong>Nom de l'entreprise :<\/strong> LC Group Rental Car, S.L.<\/li>\n  <li><strong>CIF :<\/strong> B56154503<\/li>\n  <li><strong>Adresse :<\/strong> Calle Mallorca, 123, 08036 Barcelone, Espagne<\/li>\n  <li><strong>Courriel :<\/strong> info@lcibiza.com<\/li>\n<\/ul>\n\n<h2>2. Donn\u00e9es collect\u00e9es<\/h2>\n<p>Nous pouvons collecter les donn\u00e9es personnelles suivantes lorsque vous utilisez notre site web ou que vous nous contactez :<\/p>\n<ul>\n  <li>Nom complet<\/li>\n  <li>Adresse \u00e9lectronique<\/li>\n  <li>Num\u00e9ro de t\u00e9l\u00e9phone<\/li>\n  <li>D\u00e9tails du permis de conduire (pour la location)<\/li>\n  <li>Informations relatives au paiement (trait\u00e9es de mani\u00e8re s\u00e9curis\u00e9e par des fournisseurs tiers)<\/li>\n  <li>Adresse IP et donn\u00e9es de navigation (via des cookies)<\/li>\n<\/ul>\n\n<h2>3. Finalit\u00e9 et base juridique du traitement<\/h2>\n<p>Nous traitons vos donn\u00e9es personnelles aux fins suivantes :<\/p>\n<ul>\n  <li><strong>Demandes de location et r\u00e9servations :<\/strong> Pour r\u00e9pondre \u00e0 vos demandes et g\u00e9rer les contrats de location. Base juridique : ex\u00e9cution d'un contrat.<\/li>\n  <li><strong>Service \u00e0 la client\u00e8le :<\/strong> Traiter les demandes de renseignements ou les plaintes. Base juridique : int\u00e9r\u00eat l\u00e9gitime.<\/li>\n  <li><strong>Communications marketing :<\/strong> Pour vous envoyer des offres promotionnelles, uniquement avec votre consentement explicite. Base juridique : consentement.<\/li>\n  <li><strong>Conformit\u00e9 l\u00e9gale :<\/strong> Respecter les obligations l\u00e9gales applicables. Base juridique : obligation l\u00e9gale.<\/li>\n  <li><strong>Analyse du site web :<\/strong> Am\u00e9liorer les performances de notre site web et l'exp\u00e9rience des utilisateurs. Base juridique : int\u00e9r\u00eat l\u00e9gitime \/ consentement (en cas d'utilisation de cookies).<\/li>\n<\/ul>\n\n<h2>4. Conservation des donn\u00e9es<\/h2>\n<p>Nous conservons vos donn\u00e9es personnelles aussi longtemps que n\u00e9cessaire pour atteindre les objectifs pour lesquels elles ont \u00e9t\u00e9 collect\u00e9es, ou comme l'exige la loi. Les donn\u00e9es relatives \u00e0 la location sont conserv\u00e9es pendant un minimum de 5 ans, conform\u00e9ment \u00e0 la l\u00e9gislation commerciale et fiscale espagnole.<\/p>\n\n<h2>5. Partage des donn\u00e9es<\/h2>\n<p>Nous ne vendons ni ne louons vos donn\u00e9es personnelles \u00e0 des tiers. Nous pouvons partager vos donn\u00e9es avec<\/p>\n<ul>\n  <li>Organismes de paiement et institutions bancaires, pour le traitement des transactions<\/li>\n  <li>Fournisseurs d'assurance, le cas \u00e9ch\u00e9ant, pour la couverture de la location<\/li>\n  <li>les fournisseurs de services informatiques et d'h\u00e9bergement, agissant en tant que responsables du traitement des donn\u00e9es dans le cadre d'accords conformes au GDPR<\/li>\n  <li>Les autorit\u00e9s publiques, lorsque la loi l'exige<\/li>\n<\/ul>\n\n<h2>6. Transferts internationaux<\/h2>\n<p>Certains de nos prestataires de services peuvent \u00eatre situ\u00e9s en dehors de l'Espace \u00e9conomique europ\u00e9en (EEE). Dans ce cas, nous veillons \u00e0 ce que des garanties appropri\u00e9es soient mises en place, telles que les clauses contractuelles types approuv\u00e9es par la Commission europ\u00e9enne.<\/p>\n\n<h2>7. Vos droits<\/h2>\n<p>En vertu du GDPR, vous disposez des droits suivants concernant vos donn\u00e9es personnelles :<\/p>\n<ul>\n  <li><strong>Droit d'acc\u00e8s :<\/strong> Obtenir la confirmation que nous traitons vos donn\u00e9es et en recevoir une copie.<\/li>\n  <li><strong>Droit de rectification :<\/strong> Demander la correction de donn\u00e9es inexactes ou incompl\u00e8tes.<\/li>\n  <li><strong>Droit \u00e0 l'effacement :<\/strong> Demander la suppression de vos donn\u00e9es, sous r\u00e9serve des limitations l\u00e9gales.<\/li>\n  <li><strong>Droit \u00e0 la restriction :<\/strong> Demander \u00e0 ce que nous limitions le traitement de vos donn\u00e9es.<\/li>\n  <li><strong>Droit \u00e0 la portabilit\u00e9 des donn\u00e9es :<\/strong> Recevoir vos donn\u00e9es dans un format structur\u00e9 et lisible par une machine.<\/li>\n  <li><strong>Droit d'opposition :<\/strong> S'opposer au traitement fond\u00e9 sur l'int\u00e9r\u00eat l\u00e9gitime ou \u00e0 des fins de marketing direct.<\/li>\n  <li><strong>Droit de retirer son consentement :<\/strong> Lorsque le traitement est fond\u00e9 sur le consentement, vous pouvez le retirer \u00e0 tout moment.<\/li>\n<\/ul>\n<p>Pour exercer l'un de ces droits, veuillez nous contacter \u00e0 l'adresse suivante <a href=\"mailto:info@lcibiza.com\">info@lcibiza.com<\/a><\/p>\n<p>Vous avez \u00e9galement le droit de d\u00e9poser une plainte aupr\u00e8s de l'Autorit\u00e9 espagnole de protection des donn\u00e9es (AEPD) : <a href=\"https:\/\/www.aepd.es\" target=\"_blank\" rel=\"noopener\">www.aepd.es<\/a><\/p>\n\n<h2>8. Cookies<\/h2>\n<p>Notre site web utilise des cookies pour am\u00e9liorer votre exp\u00e9rience de navigation et analyser le trafic du site. Pour obtenir des informations d\u00e9taill\u00e9es sur les cookies que nous utilisons et sur la mani\u00e8re de les g\u00e9rer, veuillez vous reporter \u00e0 notre page <a href=\"\/fr\/politique-en-matiere-de-cookies\/\">Politique en mati\u00e8re de cookies<\/a>.<\/p>\n\n<h2>9. S\u00e9curit\u00e9<\/h2>\n<p>Nous mettons en \u0153uvre des mesures techniques et organisationnelles appropri\u00e9es pour prot\u00e9ger vos donn\u00e9es personnelles contre l'acc\u00e8s non autoris\u00e9, la perte, la destruction ou l'alt\u00e9ration. Toutefois, aucune m\u00e9thode de transmission sur l'internet n'est totalement s\u00fbre et nous ne pouvons pas garantir une s\u00e9curit\u00e9 absolue.<\/p>\n\n<h2>10. Modifications de la pr\u00e9sente politique<\/h2>\n<p>Nous pouvons mettre \u00e0 jour la pr\u00e9sente politique de confidentialit\u00e9 de temps \u00e0 autre. Toute modification sera publi\u00e9e sur cette page avec une date de mise \u00e0 jour. Nous vous encourageons \u00e0 consulter r\u00e9guli\u00e8rement cette politique.<\/p>\n\n<h2>11. Contact<\/h2>\n<p>Pour toute question ou demande concernant la pr\u00e9sente politique de protection de la vie priv\u00e9e, veuillez nous contacter \u00e0 l'adresse suivante <a href=\"mailto:info@lcibiza.com\">info@lcibiza.com<\/a><\/p>\n\n<p><em>Derni\u00e8re mise \u00e0 jour : Mars 2026<\/em><\/p>\n\n<\/body>\n<\/html>\t\t\t\t<\/div>\n\t\t\t\t\t<\/div>\n\t\t\t\t<\/div>\n\t\t\t\t<\/div>","protected":false},"excerpt":{"rendered":"<p>Privacy Policy \u2013 LC Ibiza Privacy Policy 1. Data Controller In accordance with the EU General Data Protection Regulation (GDPR) [&hellip;]<\/p>\n","protected":false},"author":1,"featured_media":0,"parent":0,"menu_order":0,"comment_status":"closed","ping_status":"closed","template":"","meta":{"site-sidebar-layout":"default","site-content-layout":"","ast-site-content-layout":"default","site-content-style":"default","site-sidebar-style":"default","ast-global-header-display":"","ast-banner-title-visibility":"","ast-main-header-display":"","ast-hfb-above-header-display":"","ast-hfb-below-header-display":"","ast-hfb-mobile-header-display":"","site-post-title":"disabled","ast-breadcrumbs-content":"","ast-featured-img":"","footer-sml-layout":"","ast-disable-related-posts":"","theme-transparent-header-meta":"","adv-header-id-meta":"","stick-header-meta":"","header-above-stick-meta":"","header-main-stick-meta":"","header-below-stick-meta":"","astra-migrate-meta-layouts":"default","ast-page-background-enabled":"default","ast-page-background-meta":{"desktop":{"background-color":"var(--ast-global-color-5)","background-image":"","background-repeat":"repeat","background-position":"center center","background-size":"auto","background-attachment":"scroll","background-type":"","background-media":"","overlay-type":"","overlay-color":"","overlay-opacity":"","overlay-gradient":""},"tablet":{"background-color":"","background-image":"","background-repeat":"repeat","background-position":"center center","background-size":"auto","background-attachment":"scroll","background-type":"","background-media":"","overlay-type":"","overlay-color":"","overlay-opacity":"","overlay-gradient":""},"mobile":{"background-color":"","background-image":"","background-repeat":"repeat","background-position":"center center","background-size":"auto","background-attachment":"scroll","background-type":"","background-media":"","overlay-type":"","overlay-color":"","overlay-opacity":"","overlay-gradient":""}},"ast-content-background-meta":{"desktop":{"background-color":"var(--ast-global-color-4)","background-image":"","background-repeat":"repeat","background-position":"center center","background-size":"auto","background-attachment":"scroll","background-type":"","background-media":"","overlay-type":"","overlay-color":"","overlay-opacity":"","overlay-gradient":""},"tablet":{"background-color":"var(--ast-global-color-4)","background-image":"","background-repeat":"repeat","background-position":"center center","background-size":"auto","background-attachment":"scroll","background-type":"","background-media":"","overlay-type":"","overlay-color":"","overlay-opacity":"","overlay-gradient":""},"mobile":{"background-color":"var(--ast-global-color-4)","background-image":"","background-repeat":"repeat","background-position":"center center","background-size":"auto","background-attachment":"scroll","background-type":"","background-media":"","overlay-type":"","overlay-color":"","overlay-opacity":"","overlay-gradient":""}},"_joinchat":[],"footnotes":""},"class_list":["post-3","page","type-page","status-publish","hentry"],"_links":{"self":[{"href":"https:\/\/lcibiza.com\/fr\/wp-json\/wp\/v2\/pages\/3","targetHints":{"allow":["GET"]}}],"collection":[{"href":"https:\/\/lcibiza.com\/fr\/wp-json\/wp\/v2\/pages"}],"about":[{"href":"https:\/\/lcibiza.com\/fr\/wp-json\/wp\/v2\/types\/page"}],"author":[{"embeddable":true,"href":"https:\/\/lcibiza.com\/fr\/wp-json\/wp\/v2\/users\/1"}],"replies":[{"embeddable":true,"href":"https:\/\/lcibiza.com\/fr\/wp-json\/wp\/v2\/comments?post=3"}],"version-history":[{"count":5,"href":"https:\/\/lcibiza.com\/fr\/wp-json\/wp\/v2\/pages\/3\/revisions"}],"predecessor-version":[{"id":555,"href":"https:\/\/lcibiza.com\/fr\/wp-json\/wp\/v2\/pages\/3\/revisions\/555"}],"wp:attachment":[{"href":"https:\/\/lcibiza.com\/fr\/wp-json\/wp\/v2\/media?parent=3"}],"curies":[{"name":"wp","href":"https:\/\/api.w.org\/{rel}","templated":true}]}}